{"id":3359,"date":"2016-03-19T17:54:23","date_gmt":"2016-03-19T16:54:23","guid":{"rendered":"http:\/\/demo-content.kaliumtheme.com\/main\/?page_id=3359"},"modified":"2025-08-11T15:09:24","modified_gmt":"2025-08-11T13:09:24","slug":"home","status":"publish","type":"page","link":"https:\/\/www.duocarouge.ch\/","title":{"rendered":"Home"},"content":{"rendered":"<div class=\"wpb-content-wrapper\"><p>[vc_row][vc_column][vc_column_text][\/vc_column_text][\/vc_column][\/vc_row][vc_row][vc_column][vc_single_image image=&#8220;4282&#8243; img_size=&#8220;full&#8220; alignment=&#8220;center&#8220; onclick=&#8220;custom_link&#8220; img_link_target=&#8220;_blank&#8220; link=&#8220;https:\/\/www.youtube.com\/watch?v=t_zVlCLUuLU&#8220;][\/vc_column][\/vc_row][vc_row][vc_column][lab_vc_social_networks display_type=&#8220;rounded-icons&#8220; el_class=&#8220;style=\u201dwidth:100%\u201d&#8220;][\/vc_column][\/vc_row][vc_row no_bottom_margin=&#8220;yes&#8220; css=&#8220;.vc_custom_1754147113172{margin-right: 20px !important;margin-left: 20px !important;}&#8220;][vc_column css=&#8220;.vc_custom_1754147034448{border-right-width: 10% !important;border-left-width: 10% !important;}&#8220;][vc_column_text css_animation=&#8220;none&#8220; css=&#8220;.vc_custom_1754917762186{border-radius: 2px !important;}&#8220;]<\/p>\r\n<div class=\"column\" align=\"center\">\r\n<table class=\"aligncenter\" border=\"0\" width=\"80%\">\r\n<tbody>\r\n<tr>\r\n<td>\r\n<p><span style=\"font-size: 18pt; font-family: times new roman, times, serif;\"><em>&#8222;Das Duo Carouge weiss zu begeistern. (&#8230;) Es erstaunt das Ged\u00e4chtnis von Larissa Bretscher, die alles auswendig vortr\u00e4gt. Und dies v\u00f6llig frei, ja beschwingt und zuweilen t\u00e4nzerisch versiert, mit entsprechender Mimik und Gestik, einfach in allen Teilen perfekt. \u00abWenn einfach alles stimmt, wird es einem rundum wohl\u00bb, fl\u00fcstert eine Frau im Publikum zu ihrem Partner.&#8220;<br \/><span style=\"font-size: 12pt;\">Zeitung Schaffhauser Nachrichten, November 2024<\/span><\/em><\/span><\/p>\r\n<p><span style=\"font-family: times new roman, times, serif; font-size: 18pt;\"><em>\u201eLarissa Bretscher verk\u00f6rperte mit starker B\u00fchnenpr\u00e4senz, pr\u00e4ziser Artikulation und schauspielerischem Gesp\u00fcr jede noch so schr\u00e4ge Figur \u2013 mal scharfz\u00fcngig, mal zart, aber immer glaubhaft und direkt. Begleitet wurde sie kongenial von Lena Schmidt, die mit klanglicher Feinheit und stilistischem Feingesp\u00fcr an Klavier und Gitarre gl\u00e4nzte. Das Duo Carouge ist eine musikalische Begegnung zweier K\u00fcnstlerinnen, das mit K\u00f6nnen, Authentizit\u00e4t und Lust am Spiel das Konzertformat aufbricht und neu belebt &#8211; feinsinnig, ehrlich und \u00fcberraschend.\u201c<br \/><span style=\"font-size: 12pt;\">NAG Wochenzeitung, Mai 2025<br \/><\/span><\/em><\/span><\/p>\r\n<p><span style=\"font-size: 18pt; font-family: times new roman, times, serif;\"><em>\u201eDas Duo Carouge hat bei unseren G\u00e4sten eine Lawine der Begeisterung ausgel\u00f6st. Die Darbietung war nicht nur professionell, sondern auch hingebungsvoll, gef\u00fchlvoll, differenziert, herzlich und humorvoll! Wir hoffen auf ein Wiedersehen.\u201c<br \/><span style=\"font-size: 12pt;\">Andrea K.<\/span><\/em><\/span><\/p>\r\n<p><span style=\"font-family: times new roman, times, serif; font-size: 18pt;\"><em>\u201e<\/em><em>Das Duo hat mit ihrer Musik mein Herz ber\u00fchrt und ich musste mir manchmal sogar ein Tr\u00e4nchen aus dem Augenwinkel wischen. Zum Beispiel &#8218;Feuilles mortes&#8216;. Schon so oft in den verschiedensten Varianten geh\u00f6rt. Aber das Arrangement hat mich umgehauen. Die warme, differenziert phrasierende Stimme wurde von schwebenden Akkorden mit zarten Dissonanzen getragen&#8230;einfach wunderbar.\u201c <\/em><\/span><\/p>\r\n<p><em><span style=\"font-family: times new roman, times, serif; font-size: 12pt;\">Mathias H.<\/span><\/em><\/p>\r\n<\/td>\r\n<\/tr>\r\n<\/tbody>\r\n<\/table>\r\n<\/div>\r\n<p>[\/vc_column_text][\/vc_column][vc_column][\/vc_column][\/vc_row][vc_row][vc_column][vc_column_text]<\/p>\r\n\r\n<p><p>[\/vc_column_text][\/vc_column][\/vc_row][vc_row][vc_column][vc_column_text]<\/p>\n<h2 style=\"text-align: center;\">KONZERTE<\/h2>\n<p style=\"text-align: center;\"><code>\n\n<table class=\"gigpress-table upcoming\" cellspacing=\"0\">\n\t<tbody>\n\t\t<tr class=\"gigpress-header\">\n\t\t\t<th scope=\"col\" class=\"gigpress-date\">Datum<\/th>\n\t\t\t\t\t<th scope=\"col\" class=\"gigpress-city\">Stadt<\/th>\n\t\t\t<th scope=\"col\" class=\"gigpress-venue\">Location<\/th>\n\t\t\t\t<\/tr>\n\t<\/tbody>\n\t\n<tbody>\n\t\n\t<tr class=\"gigpress-row active\">\n\t\n\t\t<td class=\"gigpress-date\">Sonntag, 10\/05\/26\t\t\t\t\t<\/td>\n\t\t\n\t\t\n\t\t<td class=\"gigpress-city\">Heiden<\/td>\n\t\t\n\t\t<td class=\"gigpress-venue\">Muttertagskonzert<\/td>\n\t\t\n\t\t\n\t<\/tr>\n\t\n\t<tr class=\"gigpress-info active\">\n\t\n\t\t<td class=\"gigpress-links-cell\">\n\t\t\t\t\t<\/td>\n\t\t\n\t\t<td colspan=\"2\">\n\t\t\n\t\t\t\t\t\t\t<span class=\"gigpress-info-item\"><span class=\"gigpress-info-label\">Zeit:<\/span> 14.00.<\/span>\n\t\t\t\t\t\t\n\t\t\t\t\t\t\n\t\t\t\t\t\t\n\t\t\t\t\t\t\n\t\t\t\t\t\t\n\t\t\t\t\t\t\t\n\t\t\t\n\t\t\t\t\t\t\n\t\t\t\t\t\t\n\t\t\t\n\t\t\t\t\t\t\t\t\n\t\t\n\t\t<\/td>\n\t\n\t<\/tr>\n<\/tbody>\t\n\n<tbody>\n\t\n\t<tr class=\"gigpress-row active gigpress-alt\">\n\t\n\t\t<td class=\"gigpress-date\">Sonntag, 28\/06\/26\t\t\t\t\t<\/td>\n\t\t\n\t\t\n\t\t<td class=\"gigpress-city\">Rifferswil<\/td>\n\t\t\n\t\t<td class=\"gigpress-venue\">Kirche Rifferswil<\/td>\n\t\t\n\t\t\n\t<\/tr>\n\t\n\t<tr class=\"gigpress-info active gigpress-alt\">\n\t\n\t\t<td class=\"gigpress-links-cell\">\n\t\t\t\t\t<\/td>\n\t\t\n\t\t<td colspan=\"2\">\n\t\t\n\t\t\t\t\t\t\t<span class=\"gigpress-info-item\"><span class=\"gigpress-info-label\">Zeit:<\/span> 17.00.<\/span>\n\t\t\t\t\t\t\n\t\t\t\t\t\t\n\t\t\t\t\t\t\n\t\t\t\t\t\t\n\t\t\t\t\t\t\n\t\t\t\t\t\t\t\n\t\t\t\n\t\t\t\t\t\t\n\t\t\t\t\t\t\n\t\t\t\n\t\t\t\t\t\t\t\t\n\t\t\n\t\t<\/td>\n\t\n\t<\/tr>\n<\/tbody>\t\n\n<tbody>\n\t\n\t<tr class=\"gigpress-row active\">\n\t\n\t\t<td class=\"gigpress-date\">Mittwoch, 30\/09\/26\t\t\t\t\t<\/td>\n\t\t\n\t\t\n\t\t<td class=\"gigpress-city\">Winterthur<\/td>\n\t\t\n\t\t<td class=\"gigpress-venue\">Privatanlass<\/td>\n\t\t\n\t\t\n\t<\/tr>\n\t\n\t<tr class=\"gigpress-info active\">\n\t\n\t\t<td class=\"gigpress-links-cell\">\n\t\t\t\t\t<\/td>\n\t\t\n\t\t<td colspan=\"2\">\n\t\t\n\t\t\t\t\t\t\t<span class=\"gigpress-info-item\"><span class=\"gigpress-info-label\">Zeit:<\/span> 16.00.<\/span>\n\t\t\t\t\t\t\n\t\t\t\t\t\t\n\t\t\t\t\t\t\n\t\t\t\t\t\t\n\t\t\t\t\t\t\n\t\t\t\t\t\t\t\n\t\t\t\n\t\t\t\t\t\t\n\t\t\t\t\t\t\n\t\t\t\n\t\t\t\t\t\t\t\t\n\t\t\n\t\t<\/td>\n\t\n\t<\/tr>\n<\/tbody>\t\n\n<tbody>\n\t\n\t<tr class=\"gigpress-row active gigpress-alt\">\n\t\n\t\t<td class=\"gigpress-date\">Mittwoch, 04\/11\/26\t\t\t\t\t<\/td>\n\t\t\n\t\t\n\t\t<td class=\"gigpress-city\">tba<\/td>\n\t\t\n\t\t<td class=\"gigpress-venue\">tba<\/td>\n\t\t\n\t\t\n\t<\/tr>\n\t\n\t<tr class=\"gigpress-info active gigpress-alt\">\n\t\n\t\t<td class=\"gigpress-links-cell\">\n\t\t\t\t\t<\/td>\n\t\t\n\t\t<td colspan=\"2\">\n\t\t\n\t\t\t\t\t\t\t<span class=\"gigpress-info-item\"><span class=\"gigpress-info-label\">Zeit:<\/span> 14.00.<\/span>\n\t\t\t\t\t\t\n\t\t\t\t\t\t\n\t\t\t\t\t\t\n\t\t\t\t\t\t\n\t\t\t\t\t\t\n\t\t\t\t\t\t\t\n\t\t\t\n\t\t\t\t\t\t\n\t\t\t\t\t\t\n\t\t\t\n\t\t\t\t\t\t\t\t\n\t\t\n\t\t<\/td>\n\t\n\t<\/tr>\n<\/tbody>\t\n\n<\/table>\n\t<p class=\"gigpress-subscribe\">Abonnieren: \n\t\n\t\t\t<a href=\"https:\/\/www.duocarouge.ch\/?feed=gigpress\" title=\"Upcoming shows RSS\" class=\"gigpress-rss\">RSS<\/a> | <a href=\"https:\/\/www.duocarouge.ch\/?feed=gigpress-ical\" title=\"Upcoming shows iCalendar\" class=\"gigpress-ical\">iCal<\/a>\n\t\n\t\t\n\t\t\n\t\t\n\n\t\t\n\t\t\t\t\t\n\t<\/p>\n<script type=\"application\/ld+json\">[\n    {\n        \"@context\": \"http:\/\/schema.org\",\n        \"@type\": \"Event\",\n        \"name\": \"Carouge\",\n        \"startDate\": \"2026-05-10T14:00:00\",\n        \"performers\": {\n            \"@type\": \"Organization\",\n            \"name\": \"Carouge\"\n        },\n        \"location\": {\n            \"@type\": \"Place\",\n            \"name\": \"Muttertagskonzert\",\n            \"address\": {\n                \"@type\": \"PostalAddress\",\n                \"addressLocality\": \"Heiden\",\n                \"addressCountry\": \"Switzerland\"\n            }\n        }\n    },\n    {\n        \"@context\": \"http:\/\/schema.org\",\n        \"@type\": \"Event\",\n        \"name\": \"Carouge\",\n        \"startDate\": \"2026-06-28T17:00:00\",\n        \"performers\": {\n            \"@type\": \"Organization\",\n            \"name\": \"Carouge\"\n        },\n        \"location\": {\n            \"@type\": \"Place\",\n            \"name\": \"Kirche Rifferswil\",\n            \"address\": {\n                \"@type\": \"PostalAddress\",\n                \"addressLocality\": \"Rifferswil\",\n                \"addressCountry\": \"Switzerland\"\n            }\n        }\n    },\n    {\n        \"@context\": \"http:\/\/schema.org\",\n        \"@type\": \"Event\",\n        \"name\": \"Carouge\",\n        \"startDate\": \"2026-09-30T16:00:00\",\n        \"performers\": {\n            \"@type\": \"Organization\",\n            \"name\": \"Carouge\"\n        },\n        \"location\": {\n            \"@type\": \"Place\",\n            \"name\": \"Privatanlass\",\n            \"address\": {\n                \"@type\": \"PostalAddress\",\n                \"addressLocality\": \"Winterthur\",\n                \"addressCountry\": \"Switzerland\"\n            }\n        }\n    },\n    {\n        \"@context\": \"http:\/\/schema.org\",\n        \"@type\": \"Event\",\n        \"name\": \"Carouge\",\n        \"startDate\": \"2026-11-04T14:00:00\",\n        \"performers\": {\n            \"@type\": \"Organization\",\n            \"name\": \"Carouge\"\n        },\n        \"location\": {\n            \"@type\": \"Place\",\n            \"name\": \"tba\",\n            \"address\": {\n                \"@type\": \"PostalAddress\",\n                \"addressLocality\": \"tba\",\n                \"addressCountry\": \"Switzerland\"\n            }\n        }\n    }\n]<\/script><!-- Generated by GigPress 2.3.26 -->\n\t<\/code><\/p>\n<p>[\/vc_column_text][\/vc_column][\/vc_row][vc_row][vc_column][vc_column_text]<\/p>\n\r\n<p><p>[\/vc_column_text][\/vc_column][\/vc_row][vc_row][vc_column][vc_column_text css=&#8220;&#8220;]<\/p>\n<h2 style=\"text-align: center;\">KONTAKT<\/h2>\n<p style=\"text-align: center;\"><span style=\"text-align: center;\"><a href=\"&#109;&#x61;&#x69;l&#116;&#x6f;:&#108;&#x61;r&#105;&#x73;s&#97;&#x2e;&#x62;&#114;&#x65;&#x74;s&#99;&#x68;e&#114;&#x40;g&#109;&#x78;&#x2e;&#99;&#x68;\">&#108;&#x61;r&#105;&#x73;s&#97;&#x2e;b&#114;&#x65;t&#115;&#x63;&#104;&#x65;&#x72;&#64;&#x67;&#x6d;&#120;&#x2e;c&#104;<\/a><br \/><\/span><span style=\"text-align: center;\"><a href=\"https:\/\/www.facebook.com\/duocarouge\" target=\"_blank\" rel=\"noopener\">www.facebook.com\/duocarouge<\/a><\/span><\/p>\n<p>[\/vc_column_text][\/vc_column][\/vc_row][vc_row][vc_column][vc_column_text]<\/p>\n<p>\n[\/vc_column_text][\/vc_column][\/vc_row]<\/p><\/div>","protected":false},"excerpt":{"rendered":"<p>[vc_row][vc_column][vc_column_text][\/vc_column_text][\/vc_column][\/vc_row][vc_row][vc_column][vc_single_image image=&#8220;4282&#8243; img_size=&#8220;full&#8220; alignment=&#8220;center&#8220; onclick=&#8220;custom_link&#8220; img_link_target=&#8220;_blank&#8220; link=&#8220;https:\/\/www.youtube.com\/watch?v=t_zVlCLUuLU&#8220;][\/vc_column][\/vc_row][vc_row][vc_column][lab_vc_social_networks display_type=&#8220;rounded-icons&#8220; el_class=&#8220;style=\u201dwidth:100%\u201d&#8220;][\/vc_column][\/vc_row][vc_row no_bottom_margin=&#8220;yes&#8220; css=&#8220;.vc_custom_1754147113172{margin-right: 20px !important;margin-left: 20px !important;}&#8220;][vc_column css=&#8220;.vc_custom_1754147034448{border-right-width: 10% !important;border-left-width: 10% !important;}&#8220;][vc_column_text css_animation=&#8220;none&#8220; css=&#8220;.vc_custom_1754917762186{border-radius: 2px !important;}&#8220;] &#8222;Das Duo Carouge weiss zu begeistern. (&#8230;) Es erstaunt das Ged\u00e4chtnis von Larissa Bretscher, die alles auswendig vortr\u00e4gt. Und dies v\u00f6llig frei, ja beschwingt und zuweilen t\u00e4nzerisch versiert, mit entsprechender Mimik&hellip;<\/p>\n","protected":false},"author":1,"featured_media":0,"parent":0,"menu_order":0,"comment_status":"open","ping_status":"closed","template":"","meta":{"_acf_changed":false,"footnotes":""},"class_list":["post-3359","page","type-page","status-publish","hentry"],"acf":[],"yoast_head":"<!-- This site is optimized with the Yoast SEO plugin v27.5 - https:\/\/yoast.com\/product\/yoast-seo-wordpress\/ -->\n<title>Home - DUO CAROUGE<\/title>\n<meta name=\"robots\" content=\"index, follow, max-snippet:-1, max-image-preview:large, max-video-preview:-1\" \/>\n<link rel=\"canonical\" href=\"https:\/\/www.duocarouge.ch\/\" \/>\n<meta property=\"og:locale\" content=\"de_DE\" \/>\n<meta property=\"og:type\" content=\"article\" \/>\n<meta property=\"og:title\" content=\"Home - DUO CAROUGE\" \/>\n<meta property=\"og:description\" content=\"[vc_row][vc_column][vc_column_text][\/vc_column_text][\/vc_column][\/vc_row][vc_row][vc_column][vc_single_image image=&#8220;4282&#8243; img_size=&#8220;full&#8220; alignment=&#8220;center&#8220; onclick=&#8220;custom_link&#8220; img_link_target=&#8220;_blank&#8220; link=&#8220;https:\/\/www.youtube.com\/watch?v=t_zVlCLUuLU&#8220;][\/vc_column][\/vc_row][vc_row][vc_column][lab_vc_social_networks display_type=&#8220;rounded-icons&#8220; el_class=&#8220;style=\u201dwidth:100%\u201d&#8220;][\/vc_column][\/vc_row][vc_row no_bottom_margin=&#8220;yes&#8220; css=&#8220;.vc_custom_1754147113172{margin-right: 20px !important;margin-left: 20px !important;}&#8220;][vc_column css=&#8220;.vc_custom_1754147034448{border-right-width: 10% !important;border-left-width: 10% !important;}&#8220;][vc_column_text css_animation=&#8220;none&#8220; css=&#8220;.vc_custom_1754917762186{border-radius: 2px !important;}&#8220;] &#8222;Das Duo Carouge weiss zu begeistern. (&#8230;) Es erstaunt das Ged\u00e4chtnis von Larissa Bretscher, die alles auswendig vortr\u00e4gt. Und dies v\u00f6llig frei, ja beschwingt und zuweilen t\u00e4nzerisch versiert, mit entsprechender Mimik&hellip;\" \/>\n<meta property=\"og:url\" content=\"https:\/\/www.duocarouge.ch\/\" \/>\n<meta property=\"og:site_name\" content=\"DUO CAROUGE\" \/>\n<meta property=\"article:modified_time\" content=\"2025-08-11T13:09:24+00:00\" \/>\n<meta name=\"twitter:card\" content=\"summary_large_image\" \/>\n<meta name=\"twitter:label1\" content=\"Gesch\u00e4tzte Lesezeit\" \/>\n\t<meta name=\"twitter:data1\" content=\"2\u00a0Minuten\" \/>\n<script type=\"application\/ld+json\" class=\"yoast-schema-graph\">{\"@context\":\"https:\\\/\\\/schema.org\",\"@graph\":[{\"@type\":\"WebPage\",\"@id\":\"https:\\\/\\\/www.duocarouge.ch\\\/\",\"url\":\"https:\\\/\\\/www.duocarouge.ch\\\/\",\"name\":\"Home - DUO CAROUGE\",\"isPartOf\":{\"@id\":\"https:\\\/\\\/www.duocarouge.ch\\\/#website\"},\"datePublished\":\"2016-03-19T16:54:23+00:00\",\"dateModified\":\"2025-08-11T13:09:24+00:00\",\"breadcrumb\":{\"@id\":\"https:\\\/\\\/www.duocarouge.ch\\\/#breadcrumb\"},\"inLanguage\":\"de\",\"potentialAction\":[{\"@type\":\"ReadAction\",\"target\":[\"https:\\\/\\\/www.duocarouge.ch\\\/\"]}]},{\"@type\":\"BreadcrumbList\",\"@id\":\"https:\\\/\\\/www.duocarouge.ch\\\/#breadcrumb\",\"itemListElement\":[{\"@type\":\"ListItem\",\"position\":1,\"name\":\"Startseite\",\"item\":\"https:\\\/\\\/www.duocarouge.ch\\\/\"},{\"@type\":\"ListItem\",\"position\":2,\"name\":\"Home\"}]},{\"@type\":\"WebSite\",\"@id\":\"https:\\\/\\\/www.duocarouge.ch\\\/#website\",\"url\":\"https:\\\/\\\/www.duocarouge.ch\\\/\",\"name\":\"DUO CAROUGE\",\"description\":\"\",\"potentialAction\":[{\"@type\":\"SearchAction\",\"target\":{\"@type\":\"EntryPoint\",\"urlTemplate\":\"https:\\\/\\\/www.duocarouge.ch\\\/?s={search_term_string}\"},\"query-input\":{\"@type\":\"PropertyValueSpecification\",\"valueRequired\":true,\"valueName\":\"search_term_string\"}}],\"inLanguage\":\"de\"}]}<\/script>\n<!-- \/ Yoast SEO plugin. -->","yoast_head_json":{"title":"Home - DUO CAROUGE","robots":{"index":"index","follow":"follow","max-snippet":"max-snippet:-1","max-image-preview":"max-image-preview:large","max-video-preview":"max-video-preview:-1"},"canonical":"https:\/\/www.duocarouge.ch\/","og_locale":"de_DE","og_type":"article","og_title":"Home - DUO CAROUGE","og_description":"[vc_row][vc_column][vc_column_text][\/vc_column_text][\/vc_column][\/vc_row][vc_row][vc_column][vc_single_image image=&#8220;4282&#8243; img_size=&#8220;full&#8220; alignment=&#8220;center&#8220; onclick=&#8220;custom_link&#8220; img_link_target=&#8220;_blank&#8220; link=&#8220;https:\/\/www.youtube.com\/watch?v=t_zVlCLUuLU&#8220;][\/vc_column][\/vc_row][vc_row][vc_column][lab_vc_social_networks display_type=&#8220;rounded-icons&#8220; el_class=&#8220;style=\u201dwidth:100%\u201d&#8220;][\/vc_column][\/vc_row][vc_row no_bottom_margin=&#8220;yes&#8220; css=&#8220;.vc_custom_1754147113172{margin-right: 20px !important;margin-left: 20px !important;}&#8220;][vc_column css=&#8220;.vc_custom_1754147034448{border-right-width: 10% !important;border-left-width: 10% !important;}&#8220;][vc_column_text css_animation=&#8220;none&#8220; css=&#8220;.vc_custom_1754917762186{border-radius: 2px !important;}&#8220;] &#8222;Das Duo Carouge weiss zu begeistern. (&#8230;) Es erstaunt das Ged\u00e4chtnis von Larissa Bretscher, die alles auswendig vortr\u00e4gt. Und dies v\u00f6llig frei, ja beschwingt und zuweilen t\u00e4nzerisch versiert, mit entsprechender Mimik&hellip;","og_url":"https:\/\/www.duocarouge.ch\/","og_site_name":"DUO CAROUGE","article_modified_time":"2025-08-11T13:09:24+00:00","twitter_card":"summary_large_image","twitter_misc":{"Gesch\u00e4tzte Lesezeit":"2\u00a0Minuten"},"schema":{"@context":"https:\/\/schema.org","@graph":[{"@type":"WebPage","@id":"https:\/\/www.duocarouge.ch\/","url":"https:\/\/www.duocarouge.ch\/","name":"Home - DUO CAROUGE","isPartOf":{"@id":"https:\/\/www.duocarouge.ch\/#website"},"datePublished":"2016-03-19T16:54:23+00:00","dateModified":"2025-08-11T13:09:24+00:00","breadcrumb":{"@id":"https:\/\/www.duocarouge.ch\/#breadcrumb"},"inLanguage":"de","potentialAction":[{"@type":"ReadAction","target":["https:\/\/www.duocarouge.ch\/"]}]},{"@type":"BreadcrumbList","@id":"https:\/\/www.duocarouge.ch\/#breadcrumb","itemListElement":[{"@type":"ListItem","position":1,"name":"Startseite","item":"https:\/\/www.duocarouge.ch\/"},{"@type":"ListItem","position":2,"name":"Home"}]},{"@type":"WebSite","@id":"https:\/\/www.duocarouge.ch\/#website","url":"https:\/\/www.duocarouge.ch\/","name":"DUO CAROUGE","description":"","potentialAction":[{"@type":"SearchAction","target":{"@type":"EntryPoint","urlTemplate":"https:\/\/www.duocarouge.ch\/?s={search_term_string}"},"query-input":{"@type":"PropertyValueSpecification","valueRequired":true,"valueName":"search_term_string"}}],"inLanguage":"de"}]}},"_links":{"self":[{"href":"https:\/\/www.duocarouge.ch\/index.php\/wp-json\/wp\/v2\/pages\/3359","targetHints":{"allow":["GET"]}}],"collection":[{"href":"https:\/\/www.duocarouge.ch\/index.php\/wp-json\/wp\/v2\/pages"}],"about":[{"href":"https:\/\/www.duocarouge.ch\/index.php\/wp-json\/wp\/v2\/types\/page"}],"author":[{"embeddable":true,"href":"https:\/\/www.duocarouge.ch\/index.php\/wp-json\/wp\/v2\/users\/1"}],"replies":[{"embeddable":true,"href":"https:\/\/www.duocarouge.ch\/index.php\/wp-json\/wp\/v2\/comments?post=3359"}],"version-history":[{"count":51,"href":"https:\/\/www.duocarouge.ch\/index.php\/wp-json\/wp\/v2\/pages\/3359\/revisions"}],"predecessor-version":[{"id":4392,"href":"https:\/\/www.duocarouge.ch\/index.php\/wp-json\/wp\/v2\/pages\/3359\/revisions\/4392"}],"wp:attachment":[{"href":"https:\/\/www.duocarouge.ch\/index.php\/wp-json\/wp\/v2\/media?parent=3359"}],"curies":[{"name":"wp","href":"https:\/\/api.w.org\/{rel}","templated":true}]}}